{"id":104,"date":"2023-06-19T15:27:02","date_gmt":"2023-06-19T13:27:02","guid":{"rendered":"http:\/\/neu.aphasie-hirnstimulation.de\/?page_id=104"},"modified":"2023-12-24T11:45:44","modified_gmt":"2023-12-24T11:45:44","slug":"endpoint-committee","status":"publish","type":"page","link":"https:\/\/www.aphasie-hirnstimulation.de\/leicht\/mitwirkende\/endpoint-committee\/","title":{"rendered":"Endpoint Committee"},"content":{"rendered":"\n<p>Dieses Team \u00fcbernimmt die Auswertungen bestimmter Test-Ergebnisse (Test: Amsterdam-Nijmegen Everyday Language Test).<\/p>\n\n\n\n<p>Das Fach-Wort hei\u00dft: End-Point Committee.<\/p>\n\n\n\n<p>Das End-Point Committee besteht aus 8 Personen.<\/p>\n\n\n\n<p>Die Mit-Glieder des End-Point Committees bewerten nach festgelegten Regeln.<\/p>\n\n\n\n<p>Sie haben zur Auswertung eine Schulung erhalten.<\/p>\n\n\n\n<p>Miriam Abel, M.Sc. (Universit\u00e4t zu K\u00f6ln)<br>Andrea Honekamp<br>Vertr.-Prof. Dr. Kristina Jonas (Universit\u00e4t zu K\u00f6ln)<br>Carina K\u00e4hler<br>Dr. Bianka Wachtlin, Verwalt.-Prof. (HAWK, Hildesheim)<br>Dr. phil. Christine Wendt (Klinikum Bremen-Ost)<\/p>\n","protected":false},"excerpt":{"rendered":"<p>Dieses Team \u00fcbernimmt die Auswertungen bestimmter Test-Ergebnisse (Test: Amsterdam-Nijmegen Everyday Language Test). Das Fach-Wort hei\u00dft: End-Point Committee. Das End-Point Committee besteht aus 8 Personen. Die Mit-Glieder des End-Point Committees bewerten nach festgelegten Regeln. Sie haben zur Auswertung eine Schulung erhalten. Miriam Abel, M.Sc. (Universit\u00e4t zu K\u00f6ln)Andrea HonekampVertr.-Prof. Dr. Kristina Jonas (Universit\u00e4t zu K\u00f6ln)Carina K\u00e4hlerDr. Bianka<a class=\"more-link\" href=\"https:\/\/www.aphasie-hirnstimulation.de\/leicht\/mitwirkende\/endpoint-committee\/\"><span class=\"screen-reader-text\">&#8222;Endpoint Committee&#8220;<\/span> weiterlesen<\/a><\/p>\n","protected":false},"author":1,"featured_media":0,"parent":73,"menu_order":0,"comment_status":"closed","ping_status":"closed","template":"","meta":{"footnotes":""},"class_list":["post-104","page","type-page","status-publish","hentry","entry"],"_links":{"self":[{"href":"https:\/\/www.aphasie-hirnstimulation.de\/leicht\/wp-json\/wp\/v2\/pages\/104","targetHints":{"allow":["GET"]}}],"collection":[{"href":"https:\/\/www.aphasie-hirnstimulation.de\/leicht\/wp-json\/wp\/v2\/pages"}],"about":[{"href":"https:\/\/www.aphasie-hirnstimulation.de\/leicht\/wp-json\/wp\/v2\/types\/page"}],"author":[{"embeddable":true,"href":"https:\/\/www.aphasie-hirnstimulation.de\/leicht\/wp-json\/wp\/v2\/users\/1"}],"replies":[{"embeddable":true,"href":"https:\/\/www.aphasie-hirnstimulation.de\/leicht\/wp-json\/wp\/v2\/comments?post=104"}],"version-history":[{"count":1,"href":"https:\/\/www.aphasie-hirnstimulation.de\/leicht\/wp-json\/wp\/v2\/pages\/104\/revisions"}],"predecessor-version":[{"id":465,"href":"https:\/\/www.aphasie-hirnstimulation.de\/leicht\/wp-json\/wp\/v2\/pages\/104\/revisions\/465"}],"up":[{"embeddable":true,"href":"https:\/\/www.aphasie-hirnstimulation.de\/leicht\/wp-json\/wp\/v2\/pages\/73"}],"wp:attachment":[{"href":"https:\/\/www.aphasie-hirnstimulation.de\/leicht\/wp-json\/wp\/v2\/media?parent=104"}],"curies":[{"name":"wp","href":"https:\/\/api.w.org\/{rel}","templated":true}]}}