{"id":27,"date":"2023-06-19T10:40:52","date_gmt":"2023-06-19T08:40:52","guid":{"rendered":"http:\/\/neu.aphasie-hirnstimulation.de\/?page_id=27"},"modified":"2025-01-30T13:27:26","modified_gmt":"2025-01-30T13:27:26","slug":"herzlich-willkommen","status":"publish","type":"page","link":"https:\/\/www.aphasie-hirnstimulation.de\/leicht\/","title":{"rendered":"Herzlich Willkommen bei DC_Train_Aphasia!"},"content":{"rendered":"\n<p>Diese Seite gibt es auch in Alltags-Sprache.<br>Klicken Sie dazu bitte <a href=\"https:\/\/www.aphasie-hirnstimulation.de\/\" data-type=\"link\" data-id=\"http:\/\/neu.aphasie-hirnstimulation.de\/\" target=\"_blank\" rel=\"noreferrer noopener\">HIER<\/a>.<\/p>\n\n\n\n<p><strong>Wir suchen keine neuen Teilnehmer<\/strong> <strong>mehr<\/strong>. M\u00f6chten Sie f\u00fcr Folgestudien kontaktiert werden? Schreiben Sie uns gerne.<\/p>\n\n\n\n<p>Die Studie untersucht die\u00a0<strong>Wirksamkeit intensiver Sprach-Therapie bei Aphasie mit Gleich-Strom.<\/strong><\/p>\n\n\n\n<p>Die Studie f\u00fchrt die Universit\u00e4ts-Medizin Greifs-Wald durch.  Frau Prof. Agnes Fl\u00f6el leitet die Aphasie-Studie.<\/p>\n\n\n\n<p>Die Deutsche Forschungs-Gemeinschaft f\u00f6rdert DC_Train_Aphasia.<\/p>\n\n\n\n<h2 class=\"wp-block-heading\">Studieninhalt<\/h2>\n\n\n\n<p>Wir haben Patientinnen und Patienten f\u00fcr eine Aphasie-Studie gesucht.<br>Mit <strong>intensiver Sprach-Therapie plus Gleich-Strom<\/strong>. An der Studie nehmen Kliniken und Praxen aus <strong>ganz Deutschland<\/strong> teil.<\/p>\n\n\n\n<h2 class=\"wp-block-heading\">Was wollen wir untersuchen?<\/h2>\n\n\n\n<p>Intensive Sprachtherapie.<br>Zusammen mit Gleich-Strom.<\/p>\n\n\n\n<h2 class=\"wp-block-heading\">Was ist trans-kranielle Gleich-Strom-Stimulation?<\/h2>\n\n\n\n<p>Ein schwacher Strom wirkt durch den Sch\u00e4del-Knochen hindurch auf das Gehirn.<br>Das Fach-Wort daf\u00fcr ist: <strong>trans-kraniell<\/strong>.<br>Kopf-Schmerzen, \u00dcbelkeit und M\u00fcdigkeit treten vielleicht auf.<br>Auch bei der Schein-Stimulation (Placebo). <\/p>\n\n\n\n<h2 class=\"wp-block-heading\">Wer?<\/h2>\n\n\n\n<p>Wir suchen keine neuen Teilnehmenden mehr.<br>Es gab Regeln, um mitzumachen.<br>Die Regeln finden Sie <a href=\"https:\/\/www.aphasie-hirnstimulation.de\/leicht\/die-studie\/wer-kann-teilnehmen\/\" data-type=\"page\" data-id=\"81\">HIER<\/a>.<\/p>\n\n\n\n<h2 class=\"wp-block-heading\">Wo?<\/h2>\n\n\n\n<p>Wo ist die Therapie?<br>Es gibt Zentren in ganz Deutschland.<br>Eine \u00dcbersicht sehen Sie <a href=\"https:\/\/www.aphasie-hirnstimulation.de\/leicht\/mitwirkende\/studienzentren\/\" data-type=\"page\" data-id=\"92\">HIER<\/a>. <\/p>\n\n\n\n<h2 class=\"wp-block-heading\">Wie?<\/h2>\n\n\n\n<p>Wie ist der Ablauf?<br>Mehr Infos \u00fcber die Studie finden Sie <a href=\"https:\/\/www.aphasie-hirnstimulation.de\/leicht\/die-studie\/wie-wollen-wir-es-untersuchen\/\" data-type=\"page\" data-id=\"79\">HIER<\/a>.<\/p>\n\n\n\n<h2 class=\"wp-block-heading\">Warum?<\/h2>\n\n\n\n<p>Patientinnen und Patienten berichten \u00fcber die Studie.<br>Videos und Fotos finden Sie <a href=\"https:\/\/www.aphasie-hirnstimulation.de\/leicht\/die-studie\/patientenstimmen\/\" data-type=\"page\" data-id=\"90\">HIER<\/a>.<\/p>\n\n\n\n<h2 class=\"wp-block-heading\">Kontakt<\/h2>\n\n\n\n<p>Wir suchen keine neuen Teilnehmenden mehr.<\/p>\n\n\n\n<p>F\u00fcr Folgestudien k\u00f6nnen Sie sich gerne melden.<br>Sie k\u00f6nnen uns kontaktieren.<br>Klicken Sie <a href=\"https:\/\/www.aphasie-hirnstimulation.de\/leicht\/kontakt\/\" data-type=\"page\" data-id=\"69\">HIER<\/a>.<\/p>\n","protected":false},"excerpt":{"rendered":"<p>Diese Seite gibt es auch in Alltags-Sprache.Klicken Sie dazu bitte HIER. Wir suchen keine neuen Teilnehmer mehr. M\u00f6chten Sie f\u00fcr Folgestudien kontaktiert werden? Schreiben Sie uns gerne. Die Studie untersucht die\u00a0Wirksamkeit intensiver Sprach-Therapie bei Aphasie mit Gleich-Strom. Die Studie f\u00fchrt die Universit\u00e4ts-Medizin Greifs-Wald durch. Frau Prof. Agnes Fl\u00f6el leitet die Aphasie-Studie. Die Deutsche Forschungs-Gemeinschaft f\u00f6rdert<a class=\"more-link\" href=\"https:\/\/www.aphasie-hirnstimulation.de\/leicht\/\"><span class=\"screen-reader-text\">&#8222;Herzlich Willkommen bei DC_Train_Aphasia!&#8220;<\/span> weiterlesen<\/a><\/p>\n","protected":false},"author":1,"featured_media":0,"parent":0,"menu_order":0,"comment_status":"closed","ping_status":"closed","template":"","meta":{"footnotes":""},"class_list":["post-27","page","type-page","status-publish","hentry","entry"],"_links":{"self":[{"href":"https:\/\/www.aphasie-hirnstimulation.de\/leicht\/wp-json\/wp\/v2\/pages\/27","targetHints":{"allow":["GET"]}}],"collection":[{"href":"https:\/\/www.aphasie-hirnstimulation.de\/leicht\/wp-json\/wp\/v2\/pages"}],"about":[{"href":"https:\/\/www.aphasie-hirnstimulation.de\/leicht\/wp-json\/wp\/v2\/types\/page"}],"author":[{"embeddable":true,"href":"https:\/\/www.aphasie-hirnstimulation.de\/leicht\/wp-json\/wp\/v2\/users\/1"}],"replies":[{"embeddable":true,"href":"https:\/\/www.aphasie-hirnstimulation.de\/leicht\/wp-json\/wp\/v2\/comments?post=27"}],"version-history":[{"count":9,"href":"https:\/\/www.aphasie-hirnstimulation.de\/leicht\/wp-json\/wp\/v2\/pages\/27\/revisions"}],"predecessor-version":[{"id":611,"href":"https:\/\/www.aphasie-hirnstimulation.de\/leicht\/wp-json\/wp\/v2\/pages\/27\/revisions\/611"}],"wp:attachment":[{"href":"https:\/\/www.aphasie-hirnstimulation.de\/leicht\/wp-json\/wp\/v2\/media?parent=27"}],"curies":[{"name":"wp","href":"https:\/\/api.w.org\/{rel}","templated":true}]}}