{"id":94,"date":"2023-06-19T15:26:00","date_gmt":"2023-06-19T13:26:00","guid":{"rendered":"http:\/\/neu.aphasie-hirnstimulation.de\/?page_id=94"},"modified":"2023-12-24T13:34:44","modified_gmt":"2023-12-24T13:34:44","slug":"testleiter","status":"publish","type":"page","link":"https:\/\/www.aphasie-hirnstimulation.de\/leicht\/mitwirkende\/testleiter\/","title":{"rendered":"Test-Leiter"},"content":{"rendered":"\n<p>Die Test-Leiterinnen und Test-Leiter der Studie DC_Train_Aphasia sind in ganz Deutschland unterwegs.<\/p>\n\n\n\n<p>Vor und nach der Studien-Therapie f\u00fchren sie sprachliche und neuro-psychologische Testungen durch.<\/p>\n\n\n\n<p>F\u00fcr die Testungen fahren unsere Test-Leiter zu Ihnen nach Hause.<\/p>\n\n\n\n<p>Oder in ein Studien-Zentrum.<\/p>\n\n\n\n<p>Gerne stellen wir Ihnen einige unserer Test-Leiter vor.<\/p>\n\n\n<figure class=\"wp-block-table\">\n<table style=\"vertical-align: top; border-width: 0px;\">\n<tbody>\n<tr>\n<td style=\"vertical-align: top; border-width: 0px;\"><strong>Regine Caspary<\/strong><br \/>Standort: Nord-Rhein-West-Falen \/ Aachen<br \/><img loading=\"lazy\" decoding=\"async\" class=\"alignnone size-medium wp-image-257\" src=\"https:\/\/www.aphasie-hirnstimulation.de\/leicht\/wp-content\/uploads\/2023\/12\/RegineCaspary-300x225.jpg\" alt=\"\" width=\"300\" height=\"225\" srcset=\"https:\/\/www.aphasie-hirnstimulation.de\/leicht\/wp-content\/uploads\/2023\/12\/RegineCaspary-300x225.jpg 300w, https:\/\/www.aphasie-hirnstimulation.de\/leicht\/wp-content\/uploads\/2023\/12\/RegineCaspary.jpg 548w\" sizes=\"auto, (max-width: 300px) 100vw, 300px\" \/><\/td>\n<td style=\"vertical-align: top;\"><strong>Akademischer\/Schulischer Werde-Gang:<\/strong>\n<ul>\n<li>2010 Studium Logop\u00e4die (Heerlen, NL)<\/li>\n<li>1987 Staatlich anerkannte Logop\u00e4din (RWTH Aachen)<\/li>\n<li>Studium Amerikanistik (Mainz); Auslandsaufenthalt (Au-Pair USA); Klinische Praktika<\/li>\n<\/ul>\n<p><strong>Beruflicher Werde-Gang:<\/strong><\/p>\n<ul>\n<li>2016 Weiter-Bildung zum Saluto-Genetisch orientierten Coach (Saluto-Gene Kommunikation)<\/li>\n<li>Konzeption und Durch-F\u00fchrung von Works-Shops in den Bereichen Sprache, Stimme, Schlucken und Demenz<\/li>\n<li>Praktikums-Anleitung (Logop\u00e4die RWTH Aachen)<\/li>\n<li>Seit 1989 Praxis-Inhaberin<\/li>\n<li>Seit 1987 als Logop\u00e4din t\u00e4tig<\/li>\n<\/ul>\n<p>\u00a0<\/p>\n<\/td>\n<\/tr>\n<tr>\n<td style=\"vertical-align: top; border-width: 0px;\"><strong>Maria Frick<\/strong><br \/>Standort: Baden-W\u00fcrttem-Berg \/ Raum Mar-Bach<br \/><img loading=\"lazy\" decoding=\"async\" class=\"alignnone wp-image-270 size-full\" src=\"https:\/\/www.aphasie-hirnstimulation.de\/leicht\/wp-content\/uploads\/2023\/12\/MariaFrick.png\" alt=\"\" width=\"238\" height=\"189\" \/><\/td>\n<td style=\"vertical-align: top;\"><strong>Akademischer\/Schulischer Werde-Gang:<\/strong>\n<ul>\n<li>Seit Januar 2019 Schul-Leiterin der Berufs-Fach-Schule f\u00fcr Logop\u00e4die in Heilb-Bronn<\/li>\n<li>Seit 2017 Lehr-Logop\u00e4din (dbl) an der Berufs-Fach-Schule f\u00fcr Logop\u00e4die in Heil-Bronn<\/li>\n<li>2015\u20132017 Fest-Angestellte systemisch-integrative Lern-Therapeutin im ASS Lern-Therapie-Zentrum Heidel-Berg<\/li>\n<li>2010\u20132015 Fest-Anstellung als Logop\u00e4din in der logop\u00e4dischen Praxis K\u00f6rkel in Mann-Heim<\/li>\n<li>2007\u20132010 Berufliche T\u00e4tigkeiten im Rahmen der Ausbildung<\/li>\n<\/ul>\n<p><strong>Beruflicher Werde-Gang:<\/strong><\/p>\n<ul>\n<li>2016\u20132019 Ausbildung zur systemischen Beraterin und Therapeutin (SG)<\/li>\n<li>2015\u20132017 Ausbildung zur systemisch-integrativen Lern-Therapeutin<\/li>\n<li>2013\u20132015 Berufs-Begleitendes Studium der angewandten Therapie-Wissenschaften an der Hoch-Schule Fresenius in Idstein<\/li>\n<li>2007\u20132010 Ausbildung zur staatlich anerkannten Logop\u00e4din an der Bernd-Blindow-Schule Leipzig<\/li>\n<\/ul>\n<p>\u00a0<\/p>\n<\/td>\n<\/tr>\n<tr>\n<td style=\"vertical-align: top; border-width: 0px;\"><strong>Carolin Kanter<\/strong><br \/>Standort: Nord-Rhein-West-Falen \/ Aachen<br \/><img loading=\"lazy\" decoding=\"async\" class=\"alignnone wp-image-271 size-medium\" src=\"https:\/\/www.aphasie-hirnstimulation.de\/leicht\/wp-content\/uploads\/2023\/12\/CarolinKanter-300x200.jpg\" alt=\"\" width=\"300\" height=\"200\" srcset=\"https:\/\/www.aphasie-hirnstimulation.de\/leicht\/wp-content\/uploads\/2023\/12\/CarolinKanter-300x200.jpg 300w, https:\/\/www.aphasie-hirnstimulation.de\/leicht\/wp-content\/uploads\/2023\/12\/CarolinKanter-768x512.jpg 768w, https:\/\/www.aphasie-hirnstimulation.de\/leicht\/wp-content\/uploads\/2023\/12\/CarolinKanter.jpg 790w\" sizes=\"auto, (max-width: 300px) 100vw, 300px\" \/><\/td>\n<td style=\"vertical-align: top;\"><strong>Akademischer\/Schulischer Werde-Gang:<\/strong>\n<ul>\n<li>2014-2017: Studium der Lehr- und Forschungs-Logop\u00e4die (M.Sc.) RWTH Aachen University<\/li>\n<li>2012-2014: Studium der Logop\u00e4die (B.Sc.) RWTH Aachen University<\/li>\n<li>2009-2012: Ausbildung zur Logop\u00e4din, IB Medizinische Akademie Leipzig<\/li>\n<\/ul>\n<p><strong>Beruflicher Werde-Gang:<\/strong><\/p>\n<ul>\n<li>Seit 2022: Angestellt in der NRK Aachen (Ambulante Neuro-Logische Reha-Bilitations-Klinik)<\/li>\n<li>2016-2022: Angestellt in logop\u00e4discher Praxis in Erkelenz<\/li>\n<li>2012-2015: Mini-Job in logop\u00e4discher Praxis in Aachen<\/li>\n<\/ul>\n<p>\u00a0<\/p>\n<\/td>\n<\/tr>\n<tr>\n<td style=\"vertical-align: top; border-width: 0px;\"><strong>Carmen Klein<\/strong><br \/>Standort: Baden-W\u00fcrttem-Berg \/ Raum Heidel-Berg<br \/><img loading=\"lazy\" decoding=\"async\" class=\"alignnone wp-image-272 size-medium\" src=\"https:\/\/www.aphasie-hirnstimulation.de\/leicht\/wp-content\/uploads\/2023\/12\/CarmenKlein-209x300.jpg\" alt=\"\" width=\"209\" height=\"300\" srcset=\"https:\/\/www.aphasie-hirnstimulation.de\/leicht\/wp-content\/uploads\/2023\/12\/CarmenKlein-209x300.jpg 209w, https:\/\/www.aphasie-hirnstimulation.de\/leicht\/wp-content\/uploads\/2023\/12\/CarmenKlein.jpg 336w\" sizes=\"auto, (max-width: 209px) 100vw, 209px\" \/><\/td>\n<td style=\"vertical-align: top;\"><strong>Akademischer\/Schulischer Werde-Gang:<\/strong>\n<ul>\n<li>2005 \u2013 2008 Ausbildung zur Logop\u00e4din<\/li>\n<li>2002 \u2013 2004 Studium des Lehramts an Sonder-Schulen<\/li>\n<\/ul>\n<p><strong>Beruflicher Werde-Gang:<\/strong><\/p>\n<ul>\n<li>Seit 07\/2016 Logop\u00e4din, Asklepios Schloss-Berg Klinik, Bad K\u00f6nig<\/li>\n<li>10\/2013 \u2013 01\/2015 Einsatz als Test-Leiterin der Aphasie-Versorgungs-Studie FCET2EC<\/li>\n<li>2013 \u2013 06\/2016 Logop\u00e4din in der Praxis Gro\u00df &amp; Horn, V\u00f6lklingen<\/li>\n<li>2011 \u2013 2013 Abteilungs-Leitung Logop\u00e4die, m&amp;i Fach-Klinik Ichen-Hausen<\/li>\n<li>2008 \u2013 2011 Logop\u00e4din, m&amp;i Fach-Klinik Ichen-Hausen<\/li>\n<\/ul>\n<p>\u00a0<\/p>\n<\/td>\n<\/tr>\n<tr>\n<td style=\"vertical-align: top; border-width: 0px;\"><strong>Vibeke Masoud<\/strong><br \/>Standort: Hamburg und Umgebung<\/td>\n<td style=\"vertical-align: top;\"><strong>Akademischer\/Schulischer Werde-Gang:<\/strong>\n<ul>\n<li>M.A. in Allgemeiner Sprach-Wissenschaft der Universit\u00e4t Hamburg<\/li>\n<li>M.A. in klinischer Linguistik der Universit\u00e4t Biele-Feld<\/li>\n<\/ul>\n<p><strong>Beruflicher Werde-Gang:<\/strong><\/p>\n<ul>\n<li>Hoch-Schul-Dozentin und Referentin f\u00fcr fachliche Fort-Bildungen<\/li>\n<li>Engagement in der Entwicklung von Therapie-Material f\u00fcr kommunikative Settings und Ver\u00f6ffentlichung eines Fach-Buchs zur Gruppen-Therapie bei neurologischen Sprach- und Sprech-St\u00f6rungen. Sowie viele andere Buch-Beitr\u00e4ge und Artikel<\/li>\n<li>Seit 1997 Sprach-Therapeutin in der neurologischen Reha-Bilitation<\/li>\n<\/ul>\n<p>\u00a0<\/p>\n<\/td>\n<\/tr>\n<tr>\n<td style=\"vertical-align: top; border-width: 0px;\"><strong>Anne Rotheneder<\/strong><br \/>Standort: Bayern<br \/><img loading=\"lazy\" decoding=\"async\" class=\"alignnone wp-image-273 size-full\" src=\"https:\/\/www.aphasie-hirnstimulation.de\/leicht\/wp-content\/uploads\/2023\/12\/AnneRotheneder.png\" alt=\"\" width=\"182\" height=\"232\" \/><\/td>\n<td style=\"vertical-align: top;\"><strong>Akademischer\/Schulischer Werde-Gang:<\/strong>\n<ul>\n<li>Seit 09\/2022 Master-Studium Neuro-Reha-Bilitation f\u00fcr Therapeuten (M.Sc.) in K\u00f6ln<\/li>\n<li>2018-2021 Ausbildung zur staatlich anerkannten Logop\u00e4din<\/li>\n<li>Seit 2018 Bachelor-Studium Akademische Sprach-Therapie\/Logop\u00e4die (B.Sc.) in W\u00fcrz-Burg, Bachelor-Thesis im Bereich Neuro-Linguistik und Neuro-Psychologie<\/li>\n<\/ul>\n<p><strong> Beruflicher Werde-Gang:<\/strong><\/p>\n<ul>\n<li>Seit 10\/2022 VAMED Schweiz: Reha-Zentrum Z\u00fcrich Seefeld und Reha-Klinik Zihl-Schlacht \u2013 beide mit Schwer-Punkt in neurologischen St\u00f6rungs-Bildern<\/li>\n<li>10\/2021-08\/2022 ambulante Versorgung in logop\u00e4discher Praxis in W\u00fcrz-Burg<\/li>\n<li>W\u00e4hrend des Studiums: Wissenschaftliche Mitarbeiterin und Tutorin der Universit\u00e4t W\u00fcrz-Burg im Bereich Neuro-Anatomie, Betreuung einer Kommunikations-Gruppe junger Aphasiker und Aphasikerinnen<\/li>\n<\/ul>\n<p>\u00a0<\/p>\n<\/td>\n<\/tr>\n<tr>\n<td style=\"vertical-align: top; border-width: 0px;\"><strong>Marion Thomas<\/strong><br \/>Standort: Nord-Rhein-West-Falen \/ M\u00fcnster<br \/><img loading=\"lazy\" decoding=\"async\" class=\"alignnone wp-image-274 size-medium\" src=\"https:\/\/www.aphasie-hirnstimulation.de\/leicht\/wp-content\/uploads\/2023\/12\/MarionThomas-300x212.jpg\" alt=\"\" width=\"300\" height=\"212\" srcset=\"https:\/\/www.aphasie-hirnstimulation.de\/leicht\/wp-content\/uploads\/2023\/12\/MarionThomas-300x212.jpg 300w, https:\/\/www.aphasie-hirnstimulation.de\/leicht\/wp-content\/uploads\/2023\/12\/MarionThomas.jpg 477w\" sizes=\"auto, (max-width: 300px) 100vw, 300px\" \/><\/td>\n<td style=\"vertical-align: top;\"><strong>Akademischer\/Schulischer Werde-Gang:<\/strong>\n<ul>\n<li>1999: Abschluss zur staatlich anerkannten Logop\u00e4din an der Universit\u00e4t Biele-Feld<\/li>\n<li>1998-1999: Studium an der Universit\u00e4t G\u00f6te-Borg, Schweden<\/li>\n<li>1994-1998: Studium an der Universit\u00e4t Biele-Feld<\/li>\n<\/ul>\n<p><strong> Beruflicher Werde-Gang:<\/strong><\/p>\n<ul>\n<li>2020 Ver\u00f6ffentlichung als Mit-Autorin des Therapie-Manuals &#8222;Evidenz-Basierte sprach-systematische und kommunikativ-pragmatische Aphasie-Therapie&#8220; (ESKOPA-TM) zur Aphasie-Versorgungs-Studie FCET2EC<\/li>\n<li>Neben der klinischen T\u00e4tigkeit Arbeit in ambulanter Praxis, Lehre und Forschung<\/li>\n<li>Seit 2003 Klinische Linguistin in der Zentralen Einrichtung &#8222;Therapeutische Gesundheits-Berufe&#8220; am Universit\u00e4ts-Klinikum M\u00fcnster<\/li>\n<li>2000-2003 Logop\u00e4din in der Klinik f\u00fcr Geriatrische Reha-Bilitation, Telgte<\/li>\n<\/ul>\n<\/td>\n<\/tr>\n<\/tbody>\n<\/table>\n<\/figure>","protected":false},"excerpt":{"rendered":"<p>Die Test-Leiterinnen und Test-Leiter der Studie DC_Train_Aphasia sind in ganz Deutschland unterwegs. Vor und nach der Studien-Therapie f\u00fchren sie sprachliche und neuro-psychologische Testungen durch. F\u00fcr die Testungen fahren unsere Test-Leiter zu Ihnen nach Hause. Oder in ein Studien-Zentrum. Gerne stellen wir Ihnen einige unserer Test-Leiter vor. Regine CasparyStandort: Nord-Rhein-West-Falen \/ Aachen Akademischer\/Schulischer Werde-Gang: 2010 Studium<a class=\"more-link\" href=\"https:\/\/www.aphasie-hirnstimulation.de\/leicht\/mitwirkende\/testleiter\/\"><span class=\"screen-reader-text\">&#8222;Test-Leiter&#8220;<\/span> weiterlesen<\/a><\/p>\n","protected":false},"author":1,"featured_media":0,"parent":73,"menu_order":0,"comment_status":"closed","ping_status":"closed","template":"","meta":{"footnotes":""},"class_list":["post-94","page","type-page","status-publish","hentry","entry"],"_links":{"self":[{"href":"https:\/\/www.aphasie-hirnstimulation.de\/leicht\/wp-json\/wp\/v2\/pages\/94","targetHints":{"allow":["GET"]}}],"collection":[{"href":"https:\/\/www.aphasie-hirnstimulation.de\/leicht\/wp-json\/wp\/v2\/pages"}],"about":[{"href":"https:\/\/www.aphasie-hirnstimulation.de\/leicht\/wp-json\/wp\/v2\/types\/page"}],"author":[{"embeddable":true,"href":"https:\/\/www.aphasie-hirnstimulation.de\/leicht\/wp-json\/wp\/v2\/users\/1"}],"replies":[{"embeddable":true,"href":"https:\/\/www.aphasie-hirnstimulation.de\/leicht\/wp-json\/wp\/v2\/comments?post=94"}],"version-history":[{"count":4,"href":"https:\/\/www.aphasie-hirnstimulation.de\/leicht\/wp-json\/wp\/v2\/pages\/94\/revisions"}],"predecessor-version":[{"id":497,"href":"https:\/\/www.aphasie-hirnstimulation.de\/leicht\/wp-json\/wp\/v2\/pages\/94\/revisions\/497"}],"up":[{"embeddable":true,"href":"https:\/\/www.aphasie-hirnstimulation.de\/leicht\/wp-json\/wp\/v2\/pages\/73"}],"wp:attachment":[{"href":"https:\/\/www.aphasie-hirnstimulation.de\/leicht\/wp-json\/wp\/v2\/media?parent=94"}],"curies":[{"name":"wp","href":"https:\/\/api.w.org\/{rel}","templated":true}]}}