{"id":96,"date":"2023-06-19T15:26:17","date_gmt":"2023-06-19T13:26:17","guid":{"rendered":"http:\/\/neu.aphasie-hirnstimulation.de\/?page_id=96"},"modified":"2025-01-30T13:32:06","modified_gmt":"2025-01-30T13:32:06","slug":"studienzentrale","status":"publish","type":"page","link":"https:\/\/www.aphasie-hirnstimulation.de\/leicht\/mitwirkende\/studienzentrale\/","title":{"rendered":"Studien-Zentrale"},"content":{"rendered":"\n<p>Ansprech-Partner Studien-Zentrale<\/p>\n\n\n<figure class=\"wp-block-table\">\n<table style=\"vertical-align: top; border-width: 0px;\">\n<tbody>\n<tr>\n<td>\n<p><strong>Johanna Schmidt<\/strong><br \/><img loading=\"lazy\" decoding=\"async\" src=\"https:\/\/www.aphasie-hirnstimulation.de\/leicht\/wp-content\/uploads\/2023\/08\/JohannaSchmidt-262x300.jpg\" alt=\"JohannaSchmidt\" width=\"262\" height=\"300\" \/><br \/><strong>Klinische Linguistin M.A.<\/strong><br \/>Tel. 03 83 4 \/ 86 67 45<br \/><a href=\"mailto:Johanna.Schmidt@med.uni-greifswald.de\">Johanna.Schmidt@med.uni-greifswald.de<\/a><\/p>\n<\/td>\n<td style=\"vertical-align: top;\">\n<p><strong>Akademischer Werde-Gang:<\/strong><\/p>\n<ul>\n<li>2019 Zweifach-Bachelor of Arts Anglistik\/Germanistik im Bereich Sprach-Wissenschaften (Carl-von Ossietzky-Universit\u00e4t Oldenburg)<\/li>\n<li>2019 Auslands-Aufenthalt Nova Scotia, Kanada<\/li>\n<li>2022 Master of Arts Klinische Linguistik (Phillips-Universit\u00e4t Mar-Burg)<\/li>\n<li>Seit 2022 Mit-Arbeit in der Studie DC_TRAIN_APHASIA der Universit\u00e4ts-Medizin Greifs-Wald (Promotions-Projekt; Wissenschaftliche Mit-Arbeiterin)<\/li>\n<\/ul>\n<\/td>\n<\/tr>\n<tr>\n<td>\n<p><strong>Dr. Nina Unger<\/strong><br \/><img loading=\"lazy\" decoding=\"async\" src=\"https:\/\/www.aphasie-hirnstimulation.de\/leicht\/wp-content\/uploads\/2023\/08\/NinaUnger-236x300.jpg\" alt=\"NinaUnger\" width=\"236\" height=\"300\" \/><br \/><strong>Lehr- und Forschungs-Logop\u00e4din M.Sc.<\/strong><br \/>Tel. 03 83 4 \/ 86 67 49<br \/><a href=\"mailto:Nina.Unger@med.uni-greifswald.de\">Nina.Unger@med.uni-greifswald.de<\/a><\/p>\n<\/td>\n<td style=\"vertical-align: top;\">\n<p><strong>Akademischer Werde-Gang:<\/strong><\/p>\n<ul>\n<li>2012 Staatlich anerkannte Logop\u00e4din (Georg-August-Universit\u00e4t G\u00f6ttingen)<\/li>\n<li>2014 Bachelor of Science Logop\u00e4die (Rheinisch-Westf\u00e4lische Technische Hochschule Aachen)<br \/>Master of Science Lehr- und Forschungs-Logop\u00e4die (Rheinisch-Westf\u00e4lische Technische Hochschule Aachen)<\/li>\n<li>2016-2020 Wissenschaftliche Mit-Arbeiterin im Bereich Hirn-Forschung (Promotions-Projekt; Heinrich-Heine-Universit\u00e4t D\u00fcssel-Dorf)<\/li>\n<li>Seit 2020 Mit-Arbeit in der Studie DC_TRAIN_APHASIA der Universit\u00e4ts-Medizin Greifs-Wald (Wissenschaftliche Mit-Arbeiterin)<\/li>\n<\/ul>\n<\/td>\n<\/tr>\n<tr>\n<td><strong>Isabel Weinmar<\/strong><br \/><img loading=\"lazy\" decoding=\"async\" src=\"https:\/\/www.aphasie-hirnstimulation.de\/leicht\/wp-content\/uploads\/2023\/08\/IsabelWeinmar-200x300.jpg\" alt=\"IsabelWeinmar\" width=\"200\" height=\"300\" \/><br \/><strong>Logop\u00e4din M.Sc.<\/strong><br \/>Tel. 03 83 4 \/ 86 67 59<br \/><a href=\"mailto:Isabel.Weinmar@med.uni-greifswald.de\">Isabel.Weinmar@med.uni-greifswald.de<\/a><\/td>\n<td style=\"vertical-align: top;\">\n<p><strong>Akademischer Werde-Gang:<\/strong><\/p>\n<ul>\n<li>Staatlich anerkannte Logop\u00e4din (Europ\u00e4ische Fach-Hoch-Schule Rostock)<\/li>\n<li>2019 Bachelor of Science Logop\u00e4die (Europ\u00e4ische Fach-Hoch-Schule Rostock)<\/li>\n<li>2021 Master of Science Gesundheits-Forschung und Therapie-Wissenschaften (berufs-begleitend; Europ\u00e4ische Fach-Hoch-Schule Rostock)<\/li>\n<li>Seit 2022 Mit-Arbeit in der Studie DC_TRAIN_APHASIA der Universit\u00e4ts-Medizin Greifs-Wald<\/li>\n<\/ul>\n<\/td>\n<\/tr>\n<tr>\n<td colspan=\"2\" rowspan=\"1\">\u00a0<\/td>\n<\/tr>\n<tr>\n<td colspan=\"2\" rowspan=\"1\">\u00a0<\/td>\n<\/tr>\n<\/tbody>\n<\/table>\n<\/figure>","protected":false},"excerpt":{"rendered":"<p>Ansprech-Partner Studien-Zentrale Johanna SchmidtKlinische Linguistin M.A.Tel. 03 83 4 \/ 86 67 45Johanna.Schmidt@med.uni-greifswald.de Akademischer Werde-Gang: 2019 Zweifach-Bachelor of Arts Anglistik\/Germanistik im Bereich Sprach-Wissenschaften (Carl-von Ossietzky-Universit\u00e4t Oldenburg) 2019 Auslands-Aufenthalt Nova Scotia, Kanada 2022 Master of Arts Klinische Linguistik (Phillips-Universit\u00e4t Mar-Burg) Seit 2022 Mit-Arbeit in der Studie DC_TRAIN_APHASIA der Universit\u00e4ts-Medizin Greifs-Wald (Promotions-Projekt; Wissenschaftliche Mit-Arbeiterin) Dr. Nina UngerLehr-<a class=\"more-link\" href=\"https:\/\/www.aphasie-hirnstimulation.de\/leicht\/mitwirkende\/studienzentrale\/\"><span class=\"screen-reader-text\">&#8222;Studien-Zentrale&#8220;<\/span> weiterlesen<\/a><\/p>\n","protected":false},"author":1,"featured_media":0,"parent":73,"menu_order":0,"comment_status":"closed","ping_status":"closed","template":"","meta":{"footnotes":"[]"},"class_list":["post-96","page","type-page","status-publish","hentry","entry"],"_links":{"self":[{"href":"https:\/\/www.aphasie-hirnstimulation.de\/leicht\/wp-json\/wp\/v2\/pages\/96","targetHints":{"allow":["GET"]}}],"collection":[{"href":"https:\/\/www.aphasie-hirnstimulation.de\/leicht\/wp-json\/wp\/v2\/pages"}],"about":[{"href":"https:\/\/www.aphasie-hirnstimulation.de\/leicht\/wp-json\/wp\/v2\/types\/page"}],"author":[{"embeddable":true,"href":"https:\/\/www.aphasie-hirnstimulation.de\/leicht\/wp-json\/wp\/v2\/users\/1"}],"replies":[{"embeddable":true,"href":"https:\/\/www.aphasie-hirnstimulation.de\/leicht\/wp-json\/wp\/v2\/comments?post=96"}],"version-history":[{"count":7,"href":"https:\/\/www.aphasie-hirnstimulation.de\/leicht\/wp-json\/wp\/v2\/pages\/96\/revisions"}],"predecessor-version":[{"id":615,"href":"https:\/\/www.aphasie-hirnstimulation.de\/leicht\/wp-json\/wp\/v2\/pages\/96\/revisions\/615"}],"up":[{"embeddable":true,"href":"https:\/\/www.aphasie-hirnstimulation.de\/leicht\/wp-json\/wp\/v2\/pages\/73"}],"wp:attachment":[{"href":"https:\/\/www.aphasie-hirnstimulation.de\/leicht\/wp-json\/wp\/v2\/media?parent=96"}],"curies":[{"name":"wp","href":"https:\/\/api.w.org\/{rel}","templated":true}]}}